{"id":30,"date":"2014-08-08T21:31:27","date_gmt":"2014-08-08T21:31:27","guid":{"rendered":"http:\/\/themes.pixelwars.org\/readme-wp\/?page_id=30"},"modified":"2021-09-07T13:42:11","modified_gmt":"2021-09-07T16:42:11","slug":"sobre-mi","status":"publish","type":"page","link":"https:\/\/vbarreiro.uy\/web\/sobre-mi\/","title":{"rendered":"SOBRE MI"},"content":{"rendered":"<p><a href=\"https:\/\/vbarreiro.uy\/web\/wp-content\/uploads\/2020\/08\/Mia-1-BAJA.jpg\"><img loading=\"lazy\" class=\"aligncenter wp-image-6257 \" src=\"https:\/\/vbarreiro.uy\/web\/wp-content\/uploads\/2020\/08\/Mia-1-BAJA.jpg\" alt=\"\" width=\"456\" height=\"684\" srcset=\"https:\/\/vbarreiro.uy\/web\/wp-content\/uploads\/2020\/08\/Mia-1-BAJA.jpg 854w, https:\/\/vbarreiro.uy\/web\/wp-content\/uploads\/2020\/08\/Mia-1-BAJA-200x300.jpg 200w, https:\/\/vbarreiro.uy\/web\/wp-content\/uploads\/2020\/08\/Mia-1-BAJA-683x1024.jpg 683w, https:\/\/vbarreiro.uy\/web\/wp-content\/uploads\/2020\/08\/Mia-1-BAJA-768x1151.jpg 768w, https:\/\/vbarreiro.uy\/web\/wp-content\/uploads\/2020\/08\/Mia-1-BAJA-267x400.jpg 267w, https:\/\/vbarreiro.uy\/web\/wp-content\/uploads\/2020\/08\/Mia-1-BAJA-721x1080.jpg 721w\" sizes=\"(max-width: 456px) 100vw, 456px\" \/><\/a><\/p>\n<h4 style=\"text-align: center;\">\u00a1 Hola ! Gracias por estar aqu\u00ed<\/h4>\n<p style=\"font-weight: 400; text-align: center;\">Me llamo Valentina Barreiro Rodr\u00edguez tengo 29 a\u00f1os, vivo en la ciudad de Canelones, Uruguay.<\/p>\n<p style=\"font-weight: 400; text-align: center;\">Fot\u00f3grafa infantil desde hace 6 a\u00f1os.<\/p>\n<p style=\"font-weight: 400; text-align: center;\">Soy la menor de 4 hermanos y tengo una gran familia, junto a mi pareja, que me han acompa\u00f1ado incondicionalmente en este proyecto<\/p>\n<p style=\"font-weight: 400; text-align: center;\">Desde muy chica sent\u00ed conexi\u00f3n directa con el arte. Tan as\u00ed fue que siempre en trabajos liceales dedicaba gran parte de mi tiempo e imaginaci\u00f3n a la parte gr\u00e1fica (dise\u00f1o de tapas, presentaciones, videos, maquetaciones) y si bien mis estudios no fueron orientados a ese rubro, lo fue si la educaci\u00f3n terciaria, como le llamamos en mi pa\u00eds, a la que decid\u00ed lanzarme al 100% por lo que amaba hacer.<\/p>\n<p style=\"font-weight: 400; text-align: center;\">Estudi\u00e9 dise\u00f1o gr\u00e1fico, el cual me permiti\u00f3 &#8211; entre otras cosas &#8211; a\u00f1os despu\u00e9s poder personalizar cada trabajo de forma \u00fanica para mis clientes<\/p>\n<p style=\"font-weight: 400; text-align: center;\">\u00a0A la par acud\u00eda con gran ilusi\u00f3n a una escuela de fotograf\u00eda en donde adquir\u00ed todos los conocimientos sobre el manejo de la c\u00e1mara, desde la base de la fotograf\u00eda anal\u00f3gica, revelado en laboratorio, producci\u00f3n, postproducci\u00f3n, edici\u00f3n y presentaci\u00f3n.<\/p>\n<p style=\"font-weight: 400; text-align: center;\">Con mi primera c\u00e1mara r\u00e9flex en mano, sal\u00eda con gran timidez a las calles a hacer fotos de paisajes, flores, hojas, y todo lo que se cruzara en mi camino. Pero mi gran admiraci\u00f3n eran los atardeceres y ten\u00eda carpetas llenas de ellos.<\/p>\n<p style=\"font-weight: 400; text-align: center;\">Un d\u00eda surgi\u00f3 la oportunidad de documentar mi primer cumplea\u00f1os infantil. Fue una alegr\u00eda inmensa por toda la repercusi\u00f3n que tuvo; tan as\u00ed fue que desde ese momento nunca m\u00e1s par\u00e9 de hacerlo y encontr\u00e9 mi gran pasi\u00f3n en la fotograf\u00eda de ni\u00f1os<\/p>\n<p style=\"font-weight: 400; text-align: center;\">Tambi\u00e9n por el camino hice trabajos de 15 a\u00f1os, bodas, producto para tiendas de ropa, pero sent\u00eda que ten\u00eda que ir por lo que me hac\u00eda realmente feliz y as\u00ed fue.<\/p>\n<p style=\"font-weight: 400; text-align: center;\">Esa felicidad la encontr\u00e9 en ver crecer a cada familia a trav\u00e9s de mi lente, en c\u00f3mo vuelven a elegirme a\u00f1o tras a\u00f1o; tambi\u00e9n lo son cada devoluci\u00f3n llena de cari\u00f1o y palabras de aliento que inspiran a dar lo mejor de m\u00ed.<\/p>\n<p style=\"font-weight: 400; text-align: center;\">Actualmente debido a la pandemia se han suspendido much\u00edsimos eventos, por lo cual el trabajo se ha centralizado totalmente en sesiones. As\u00ed que he aprovechado este tiempo para seguir capacit\u00e1ndome y reforzando conocimientos en formato online.<\/p>\n<p style=\"font-weight: 400; text-align: center;\">Me encuentro concretando mi gran sue\u00f1o de tener mi propio estudio de fotograf\u00eda, en base a esto comenc\u00e9 con la fotograf\u00eda de retrato a la cual quiero dedicarle todo mi esfuerzo, dedicaci\u00f3n y sobre todo AMOR.<\/p>\n<p style=\"font-weight: 400; text-align: center;\">Como dice mi slogan: <strong>\u201cUna mirada fresca, sensible e inmortal\u201d<\/strong>, espero que cada imagen sea el tesoro de una familia para el resto de su vida.<\/p>\n","protected":false},"excerpt":{"rendered":"<p>\u00a1 Hola ! Gracias por estar aqu\u00ed Me llamo Valentina Barreiro Rodr\u00edguez tengo 29 a\u00f1os, vivo en la ciudad de Canelones, Uruguay. Fot\u00f3grafa infantil desde hace 6 a\u00f1os. Soy la menor de 4 hermanos y tengo una gran familia, junto a mi pareja, que me han acompa\u00f1ado incondicionalmente en este proyecto Desde muy chica sent\u00ed&#8230; <span class=\"more\"><a class=\"more-link\" href=\"https:\/\/vbarreiro.uy\/web\/sobre-mi\/\">Read More<\/a><\/span><\/p>\n","protected":false},"author":1,"featured_media":0,"parent":0,"menu_order":0,"comment_status":"closed","ping_status":"closed","template":"","meta":[],"_links":{"self":[{"href":"https:\/\/vbarreiro.uy\/web\/wp-json\/wp\/v2\/pages\/30"}],"collection":[{"href":"https:\/\/vbarreiro.uy\/web\/wp-json\/wp\/v2\/pages"}],"about":[{"href":"https:\/\/vbarreiro.uy\/web\/wp-json\/wp\/v2\/types\/page"}],"author":[{"embeddable":true,"href":"https:\/\/vbarreiro.uy\/web\/wp-json\/wp\/v2\/users\/1"}],"replies":[{"embeddable":true,"href":"https:\/\/vbarreiro.uy\/web\/wp-json\/wp\/v2\/comments?post=30"}],"version-history":[{"count":17,"href":"https:\/\/vbarreiro.uy\/web\/wp-json\/wp\/v2\/pages\/30\/revisions"}],"predecessor-version":[{"id":7184,"href":"https:\/\/vbarreiro.uy\/web\/wp-json\/wp\/v2\/pages\/30\/revisions\/7184"}],"wp:attachment":[{"href":"https:\/\/vbarreiro.uy\/web\/wp-json\/wp\/v2\/media?parent=30"}],"curies":[{"name":"wp","href":"https:\/\/api.w.org\/{rel}","templated":true}]}}